{"id":33989,"date":"2025-04-23T19:56:22","date_gmt":"2025-04-23T17:56:22","guid":{"rendered":"https:\/\/boomstamtafel.net\/product\/tabouret-suar\/"},"modified":"2025-04-23T19:56:22","modified_gmt":"2025-04-23T17:56:22","slug":"tabouret-suar","status":"publish","type":"product","link":"https:\/\/boomstamtafel.net\/fr\/produit\/tabouret-suar\/","title":{"rendered":"Tabouret suar"},"content":{"rendered":"<p class=\"\" data-start=\"150\" data-end=\"207\"><strong data-start=\"150\" data-end=\"207\">Tabouret Suar &#8211; Le charme naturel en format compact<\/strong><\/p>\n<p class=\"\" data-start=\"209\" data-end=\"523\">Apportez un \u00e9l\u00e9ment unique de la nature dans votre maison avec notre <strong data-start=\"269\" data-end=\"302\">tabouret<\/strong> fait main <strong data-start=\"269\" data-end=\"302\">en bois massif de Suar<\/strong>. Avec son aspect robuste, ses formes organiques et la couleur chaude du bois, ce tabouret n&rsquo;est pas seulement pratique, il attire aussi l&rsquo;attention dans n&rsquo;importe quel int\u00e9rieur. Id\u00e9al comme si\u00e8ge suppl\u00e9mentaire, table d&rsquo;appoint ou meuble d\u00e9coratif.  <\/p>\n<p class=\"\" data-start=\"525\" data-end=\"866\">Ce tabouret est fabriqu\u00e9 en une seule pi\u00e8ce de bois de Suar durable, connu pour son beau grain et son aspect caract\u00e9ristique. Gr\u00e2ce \u00e0 sa taille compacte, il peut \u00eatre utilis\u00e9 dans le salon, la chambre ou le couloir. Chaque tabouret est unique &#8211; il n&rsquo;y en a pas deux pareils, ce qui en fait un \u00e9l\u00e9ment exclusif de votre int\u00e9rieur.  <\/p>\n<p class=\"\" data-start=\"868\" data-end=\"882\"><strong data-start=\"868\" data-end=\"882\">Caract\u00e9ristiques :<\/strong><\/p>\n<ul data-start=\"883\" data-end=\"1077\">\n<li class=\"\" data-start=\"883\" data-end=\"919\">\n<p class=\"\" data-start=\"885\" data-end=\"919\">Mat\u00e9riau : bois de suar 100% massif<\/p>\n<\/li>\n<li class=\"\" data-start=\"920\" data-end=\"955\">\n<p class=\"\" data-start=\"922\" data-end=\"955\">Dimensions : environ 50cm L \u00d7 30cm L \u00d7 45cm H<\/p>\n<\/li>\n<li class=\"\" data-start=\"956\" data-end=\"984\">\n<p class=\"\" data-start=\"958\" data-end=\"984\">Fabrication artisanale<\/p>\n<\/li>\n<li class=\"\" data-start=\"985\" data-end=\"1015\">\n<p class=\"\" data-start=\"987\" data-end=\"1015\">Design unique et naturel<\/p>\n<\/li>\n<li class=\"\" data-start=\"1016\" data-end=\"1077\">\n<p class=\"\" data-start=\"1018\" data-end=\"1077\">Peut \u00eatre utilis\u00e9 comme tabouret, table d&rsquo;appoint ou objet d\u00e9coratif<\/p>\n<\/li>\n<\/ul>\n<p class=\"\" data-start=\"1079\" data-end=\"1279\"><strong data-start=\"1079\" data-end=\"1111\">Pourquoi choisir Suarwood ?<\/strong><br data-start=\"1111\" data-end=\"1114\">Le bois de suar est durable, solide et pr\u00e9sente un bel aspect chaleureux. C&rsquo;est le choix id\u00e9al pour ceux qui aiment les meubles naturels et de caract\u00e8re qui dureront des g\u00e9n\u00e9rations. <\/p>\n<p class=\"\" data-start=\"1281\" data-end=\"1385\">Ajoutez une touche d&rsquo;artisanat et de nature \u00e0 votre int\u00e9rieur avec ce magnifique <strong data-start=\"1367\" data-end=\"1384\">tabouret en suar<\/strong>!<\/p>\n","protected":false},"excerpt":{"rendered":"<p>Tabouret Suar &#8211; Le charme naturel en format compact Apportez un \u00e9l\u00e9ment unique de la nature dans votre maison avec notre tabouret fait main en bois massif de Suar. Avec son aspect robuste, ses formes organiques et la couleur chaude du bois, ce tabouret n&rsquo;est pas seulement pratique, il attire aussi l&rsquo;attention dans n&rsquo;importe quel [&hellip;]<\/p>\n","protected":false},"featured_media":34228,"comment_status":"open","ping_status":"closed","template":"","meta":[],"product_brand":[],"product_cat":[65],"product_tag":[],"class_list":{"0":"post-33989","1":"product","2":"type-product","3":"status-publish","4":"has-post-thumbnail","6":"product_cat-suar-fr","8":"first","9":"instock","10":"taxable","11":"shipping-taxable","12":"purchasable","13":"product-type-simple"},"exclude_global_add_ons":[],"addons":[],"yoast_head":"<!-- This site is optimized with the Yoast SEO plugin v24.6 - https:\/\/yoast.com\/wordpress\/plugins\/seo\/ -->\n<title>Tabouret suar - Brabawoods.be<\/title>\n<meta name=\"robots\" content=\"index, follow, max-snippet:-1, max-image-preview:large, max-video-preview:-1\" \/>\n<link rel=\"canonical\" href=\"https:\/\/boomstamtafel.net\/fr\/produit\/tabouret-suar\/\" \/>\n<meta property=\"og:locale\" content=\"fr_FR\" \/>\n<meta property=\"og:type\" content=\"article\" \/>\n<meta property=\"og:title\" content=\"Tabouret suar - Brabawoods.be\" \/>\n<meta property=\"og:description\" content=\"Tabouret Suar &#8211; Le charme naturel en format compact Apportez un \u00e9l\u00e9ment unique de la nature dans votre maison avec notre tabouret fait main en bois massif de Suar. Avec son aspect robuste, ses formes organiques et la couleur chaude du bois, ce tabouret n&rsquo;est pas seulement pratique, il attire aussi l&rsquo;attention dans n&rsquo;importe quel [&hellip;]\" \/>\n<meta property=\"og:url\" content=\"https:\/\/boomstamtafel.net\/fr\/produit\/tabouret-suar\/\" \/>\n<meta property=\"og:site_name\" content=\"Brabawoods.be\" \/>\n<meta property=\"og:image\" content=\"http:\/\/boomstamtafel.net\/wp-content\/uploads\/2025\/04\/Ontwerp-zonder-titel.png\" \/>\n\t<meta property=\"og:image:width\" content=\"1080\" \/>\n\t<meta property=\"og:image:height\" content=\"1350\" \/>\n\t<meta property=\"og:image:type\" content=\"image\/png\" \/>\n<meta name=\"twitter:card\" content=\"summary_large_image\" \/>\n<meta name=\"twitter:label1\" content=\"Dur\u00e9e de lecture estim\u00e9e\" \/>\n\t<meta name=\"twitter:data1\" content=\"1 minute\" \/>\n<script type=\"application\/ld+json\" class=\"yoast-schema-graph\">{\"@context\":\"https:\/\/schema.org\",\"@graph\":[{\"@type\":\"WebPage\",\"@id\":\"https:\/\/boomstamtafel.net\/fr\/produit\/tabouret-suar\/\",\"url\":\"https:\/\/boomstamtafel.net\/fr\/produit\/tabouret-suar\/\",\"name\":\"Tabouret suar - Brabawoods.be\",\"isPartOf\":{\"@id\":\"https:\/\/boomstamtafel.net\/fr\/#website\"},\"primaryImageOfPage\":{\"@id\":\"https:\/\/boomstamtafel.net\/fr\/produit\/tabouret-suar\/#primaryimage\"},\"image\":{\"@id\":\"https:\/\/boomstamtafel.net\/fr\/produit\/tabouret-suar\/#primaryimage\"},\"thumbnailUrl\":\"https:\/\/boomstamtafel.net\/wp-content\/uploads\/2025\/04\/Ontwerp-zonder-titel.png\",\"datePublished\":\"2025-04-23T17:56:22+00:00\",\"breadcrumb\":{\"@id\":\"https:\/\/boomstamtafel.net\/fr\/produit\/tabouret-suar\/#breadcrumb\"},\"inLanguage\":\"fr-FR\",\"potentialAction\":[{\"@type\":\"ReadAction\",\"target\":[\"https:\/\/boomstamtafel.net\/fr\/produit\/tabouret-suar\/\"]}]},{\"@type\":\"ImageObject\",\"inLanguage\":\"fr-FR\",\"@id\":\"https:\/\/boomstamtafel.net\/fr\/produit\/tabouret-suar\/#primaryimage\",\"url\":\"https:\/\/boomstamtafel.net\/wp-content\/uploads\/2025\/04\/Ontwerp-zonder-titel.png\",\"contentUrl\":\"https:\/\/boomstamtafel.net\/wp-content\/uploads\/2025\/04\/Ontwerp-zonder-titel.png\",\"width\":1080,\"height\":1350},{\"@type\":\"BreadcrumbList\",\"@id\":\"https:\/\/boomstamtafel.net\/fr\/produit\/tabouret-suar\/#breadcrumb\",\"itemListElement\":[{\"@type\":\"ListItem\",\"position\":1,\"name\":\"Home\",\"item\":\"http:\/\/boomstamtafel.net\/fr\/\"},{\"@type\":\"ListItem\",\"position\":2,\"name\":\"Boutique\",\"item\":\"http:\/\/boomstamtafel.net\/fr\/boutique\/\"},{\"@type\":\"ListItem\",\"position\":3,\"name\":\"Tabouret suar\"}]},{\"@type\":\"WebSite\",\"@id\":\"https:\/\/boomstamtafel.net\/fr\/#website\",\"url\":\"https:\/\/boomstamtafel.net\/fr\/\",\"name\":\"Brabawoods.be\",\"description\":\"Brabawoods.be is gespecialiseerd in hoogwaardige boomstamtafels en maatwerk meubels van massief hout, vervaardigd uit duurzame Europese bomen. U kiest zelf uw unieke boomstamtafel of houten meubel, volledig afgestemd op uw wensen. Wij verzorgen professionele levering en montage aan huis. Laat u inspireren door authentiek vakmanschap, passie voor hout en jarenlange expertise.\",\"publisher\":{\"@id\":\"https:\/\/boomstamtafel.net\/fr\/#organization\"},\"potentialAction\":[{\"@type\":\"SearchAction\",\"target\":{\"@type\":\"EntryPoint\",\"urlTemplate\":\"https:\/\/boomstamtafel.net\/fr\/?s={search_term_string}\"},\"query-input\":{\"@type\":\"PropertyValueSpecification\",\"valueRequired\":true,\"valueName\":\"search_term_string\"}}],\"inLanguage\":\"fr-FR\"},{\"@type\":\"Organization\",\"@id\":\"https:\/\/boomstamtafel.net\/fr\/#organization\",\"name\":\"Brabawoods.be\",\"url\":\"https:\/\/boomstamtafel.net\/fr\/\",\"logo\":{\"@type\":\"ImageObject\",\"inLanguage\":\"fr-FR\",\"@id\":\"https:\/\/boomstamtafel.net\/fr\/#\/schema\/logo\/image\/\",\"url\":\"https:\/\/boomstamtafel.net\/wp-content\/uploads\/2025\/12\/cropped-Copy-of-BRABA-WOODS-1.png\",\"contentUrl\":\"https:\/\/boomstamtafel.net\/wp-content\/uploads\/2025\/12\/cropped-Copy-of-BRABA-WOODS-1.png\",\"width\":1561,\"height\":1170,\"caption\":\"Brabawoods.be\"},\"image\":{\"@id\":\"https:\/\/boomstamtafel.net\/fr\/#\/schema\/logo\/image\/\"}}]}<\/script>\n<!-- \/ Yoast SEO plugin. -->","yoast_head_json":{"title":"Tabouret suar - Brabawoods.be","robots":{"index":"index","follow":"follow","max-snippet":"max-snippet:-1","max-image-preview":"max-image-preview:large","max-video-preview":"max-video-preview:-1"},"canonical":"https:\/\/boomstamtafel.net\/fr\/produit\/tabouret-suar\/","og_locale":"fr_FR","og_type":"article","og_title":"Tabouret suar - Brabawoods.be","og_description":"Tabouret Suar &#8211; Le charme naturel en format compact Apportez un \u00e9l\u00e9ment unique de la nature dans votre maison avec notre tabouret fait main en bois massif de Suar. Avec son aspect robuste, ses formes organiques et la couleur chaude du bois, ce tabouret n&rsquo;est pas seulement pratique, il attire aussi l&rsquo;attention dans n&rsquo;importe quel [&hellip;]","og_url":"https:\/\/boomstamtafel.net\/fr\/produit\/tabouret-suar\/","og_site_name":"Brabawoods.be","og_image":[{"width":1080,"height":1350,"url":"http:\/\/boomstamtafel.net\/wp-content\/uploads\/2025\/04\/Ontwerp-zonder-titel.png","type":"image\/png"}],"twitter_card":"summary_large_image","twitter_misc":{"Dur\u00e9e de lecture estim\u00e9e":"1 minute"},"schema":{"@context":"https:\/\/schema.org","@graph":[{"@type":"WebPage","@id":"https:\/\/boomstamtafel.net\/fr\/produit\/tabouret-suar\/","url":"https:\/\/boomstamtafel.net\/fr\/produit\/tabouret-suar\/","name":"Tabouret suar - Brabawoods.be","isPartOf":{"@id":"https:\/\/boomstamtafel.net\/fr\/#website"},"primaryImageOfPage":{"@id":"https:\/\/boomstamtafel.net\/fr\/produit\/tabouret-suar\/#primaryimage"},"image":{"@id":"https:\/\/boomstamtafel.net\/fr\/produit\/tabouret-suar\/#primaryimage"},"thumbnailUrl":"https:\/\/boomstamtafel.net\/wp-content\/uploads\/2025\/04\/Ontwerp-zonder-titel.png","datePublished":"2025-04-23T17:56:22+00:00","breadcrumb":{"@id":"https:\/\/boomstamtafel.net\/fr\/produit\/tabouret-suar\/#breadcrumb"},"inLanguage":"fr-FR","potentialAction":[{"@type":"ReadAction","target":["https:\/\/boomstamtafel.net\/fr\/produit\/tabouret-suar\/"]}]},{"@type":"ImageObject","inLanguage":"fr-FR","@id":"https:\/\/boomstamtafel.net\/fr\/produit\/tabouret-suar\/#primaryimage","url":"https:\/\/boomstamtafel.net\/wp-content\/uploads\/2025\/04\/Ontwerp-zonder-titel.png","contentUrl":"https:\/\/boomstamtafel.net\/wp-content\/uploads\/2025\/04\/Ontwerp-zonder-titel.png","width":1080,"height":1350},{"@type":"BreadcrumbList","@id":"https:\/\/boomstamtafel.net\/fr\/produit\/tabouret-suar\/#breadcrumb","itemListElement":[{"@type":"ListItem","position":1,"name":"Home","item":"http:\/\/boomstamtafel.net\/fr\/"},{"@type":"ListItem","position":2,"name":"Boutique","item":"http:\/\/boomstamtafel.net\/fr\/boutique\/"},{"@type":"ListItem","position":3,"name":"Tabouret suar"}]},{"@type":"WebSite","@id":"https:\/\/boomstamtafel.net\/fr\/#website","url":"https:\/\/boomstamtafel.net\/fr\/","name":"Brabawoods.be","description":"Brabawoods.be is gespecialiseerd in hoogwaardige boomstamtafels en maatwerk meubels van massief hout, vervaardigd uit duurzame Europese bomen. U kiest zelf uw unieke boomstamtafel of houten meubel, volledig afgestemd op uw wensen. Wij verzorgen professionele levering en montage aan huis. Laat u inspireren door authentiek vakmanschap, passie voor hout en jarenlange expertise.","publisher":{"@id":"https:\/\/boomstamtafel.net\/fr\/#organization"},"potentialAction":[{"@type":"SearchAction","target":{"@type":"EntryPoint","urlTemplate":"https:\/\/boomstamtafel.net\/fr\/?s={search_term_string}"},"query-input":{"@type":"PropertyValueSpecification","valueRequired":true,"valueName":"search_term_string"}}],"inLanguage":"fr-FR"},{"@type":"Organization","@id":"https:\/\/boomstamtafel.net\/fr\/#organization","name":"Brabawoods.be","url":"https:\/\/boomstamtafel.net\/fr\/","logo":{"@type":"ImageObject","inLanguage":"fr-FR","@id":"https:\/\/boomstamtafel.net\/fr\/#\/schema\/logo\/image\/","url":"https:\/\/boomstamtafel.net\/wp-content\/uploads\/2025\/12\/cropped-Copy-of-BRABA-WOODS-1.png","contentUrl":"https:\/\/boomstamtafel.net\/wp-content\/uploads\/2025\/12\/cropped-Copy-of-BRABA-WOODS-1.png","width":1561,"height":1170,"caption":"Brabawoods.be"},"image":{"@id":"https:\/\/boomstamtafel.net\/fr\/#\/schema\/logo\/image\/"}}]}},"_links":{"self":[{"href":"https:\/\/boomstamtafel.net\/fr\/wp-json\/wp\/v2\/product\/33989","targetHints":{"allow":["GET"]}}],"collection":[{"href":"https:\/\/boomstamtafel.net\/fr\/wp-json\/wp\/v2\/product"}],"about":[{"href":"https:\/\/boomstamtafel.net\/fr\/wp-json\/wp\/v2\/types\/product"}],"replies":[{"embeddable":true,"href":"https:\/\/boomstamtafel.net\/fr\/wp-json\/wp\/v2\/comments?post=33989"}],"wp:featuredmedia":[{"embeddable":true,"href":"https:\/\/boomstamtafel.net\/fr\/wp-json\/wp\/v2\/media\/34228"}],"wp:attachment":[{"href":"https:\/\/boomstamtafel.net\/fr\/wp-json\/wp\/v2\/media?parent=33989"}],"wp:term":[{"taxonomy":"product_brand","embeddable":true,"href":"https:\/\/boomstamtafel.net\/fr\/wp-json\/wp\/v2\/product_brand?post=33989"},{"taxonomy":"product_cat","embeddable":true,"href":"https:\/\/boomstamtafel.net\/fr\/wp-json\/wp\/v2\/product_cat?post=33989"},{"taxonomy":"product_tag","embeddable":true,"href":"https:\/\/boomstamtafel.net\/fr\/wp-json\/wp\/v2\/product_tag?post=33989"}],"curies":[{"name":"wp","href":"https:\/\/api.w.org\/{rel}","templated":true}]}}