{"id":33624,"date":"2025-03-06T15:18:08","date_gmt":"2025-03-06T14:18:08","guid":{"rendered":"https:\/\/boomstamtafel.net\/product\/table-de-jardin-avec-2-bancs\/"},"modified":"2025-03-25T01:41:47","modified_gmt":"2025-03-25T00:41:47","slug":"table-de-jardin-avec-2-bancs","status":"publish","type":"product","link":"http:\/\/boomstamtafel.net\/fr\/produit\/table-de-jardin-avec-2-bancs\/","title":{"rendered":"Table de jardin avec 2 bancs"},"content":{"rendered":"<h3 data-start=\"0\" data-end=\"84\"><strong data-start=\"4\" data-end=\"82\">Trunk Garden Table Set with 2 Benches &#8211; Robustesse naturelle pour votre jardin<\/strong><\/h3>\n<p data-start=\"86\" data-end=\"455\">Cr\u00e9ez un espace ext\u00e9rieur atmosph\u00e9rique et durable avec notre <strong data-start=\"142\" data-end=\"181\">ensemble de table de jardin en tronc d&rsquo;arbre avec 2 bancs<\/strong>. Fabriqu\u00e9 en bois massif, cet ensemble de jardin exclusif apporte la beaut\u00e9 de la nature directement sur votre patio, v\u00e9randa ou jardin. Avec son aspect robuste et son design intemporel, cet ensemble est parfait pour des d\u00eeners agr\u00e9ables et des moments de d\u00e9tente \u00e0 l&rsquo;ext\u00e9rieur.  <\/p>\n<h4 data-start=\"457\" data-end=\"515\"><strong data-start=\"462\" data-end=\"513\">Pourquoi choisir cette table de jardin en tronc d&rsquo;arbre ?<\/strong><\/h4>\n<ul>\n<li><strong data-start=\"518\" data-end=\"539\">100% bois massif<\/strong> &#8211; Fabriqu\u00e9 en bois de tronc d&rsquo;arbre de haute qualit\u00e9 pour une durabilit\u00e9 maximale et un aspect naturel.<\/li>\n<li><strong data-start=\"643\" data-end=\"667\">Unique et fait \u00e0 la main<\/strong> &#8211; Chaque ensemble a son propre caract\u00e8re gr\u00e2ce au grain naturel du bois et \u00e0 la finition unique des bords de l&rsquo;arbre.<\/li>\n<li><strong data-start=\"767\" data-end=\"795\">R\u00e9sistant aux intemp\u00e9ries et durable<\/strong> &#8211; Convient \u00e0 toutes les saisons gr\u00e2ce \u00e0 sa construction et \u00e0 sa finition robustes.<\/li>\n<li>De l&rsquo;<strong data-start=\"876\" data-end=\"904\">espace pour la convivialit\u00e9<\/strong> &#8211; La table spacieuse et les bancs assortis offrent beaucoup d&rsquo;espace pour la famille et les amis.<\/li>\n<li><strong data-start=\"998\" data-end=\"1028\">Parfait pour le jardin et la terrasse<\/strong> &#8211; Id\u00e9al pour une utilisation en ext\u00e9rieur, des barbecues d&rsquo;\u00e9t\u00e9 aux moments de d\u00e9tente autour d&rsquo;un caf\u00e9.<\/li>\n<\/ul>\n<h4 data-start=\"1111\" data-end=\"1149\"><strong data-start=\"1116\" data-end=\"1147\">Dimensions et sp\u00e9cifications :<\/strong><\/h4>\n<ul data-start=\"1150\" data-end=\"1440\">\n<li data-start=\"1150\" data-end=\"1221\"><strong data-start=\"1152\" data-end=\"1166\">Table de jardin :<\/strong> de taille g\u00e9n\u00e9reuse, elle permet de d\u00eener et de se retrouver confortablement.<\/li>\n<li data-start=\"1222\" data-end=\"1294\"><strong data-start=\"1224\" data-end=\"1246\">2 bancs de coffre :<\/strong> si\u00e8ges robustes en finition naturelle<\/li>\n<li data-start=\"1295\" data-end=\"1371\"><strong data-start=\"1297\" data-end=\"1311\">Mat\u00e9riau :<\/strong> bois massif de haute qualit\u00e9 \u00e0 l&rsquo;aspect authentique<\/li>\n<li data-start=\"1372\" data-end=\"1440\"><strong data-start=\"1374\" data-end=\"1388\">Finition :<\/strong> trait\u00e9e contre les intemp\u00e9ries pour une longue dur\u00e9e de vie<\/li>\n<\/ul>\n<p data-start=\"1442\" data-end=\"1592\">Rapprochez-vous de la nature avec ce magnifique <strong data-start=\"1488\" data-end=\"1527\">ensemble de table de jardin en tronc d&rsquo;arbre avec 2 bancs<\/strong> et profitez d&rsquo;un mobilier d&rsquo;ext\u00e9rieur \u00e9l\u00e9gant, robuste et durable !<\/p>\n<p data-start=\"1594\" data-end=\"1667\" data-is-last-node=\"\" data-is-only-node=\"\">  Commandez d\u00e8s aujourd&rsquo;hui et donnez \u00e0 votre jardin un aspect exclusif et naturel !<\/p>\n<h2 data-start=\"1594\" data-end=\"1667\"><strong>Demandez un devis pour d&rsquo;autres dimensions, couleurs et\/ou bases.<\/strong><\/h2>\n","protected":false},"excerpt":{"rendered":"<p>Ajoutez un charme naturel \u00e0 votre jardin avec notre table de jardin en tronc d&rsquo;arbre avec 2 bancs. Robuste, durable et parfait pour l&rsquo;ext\u00e9rieur ! Commandez maintenant.\ud83c\udf3f  <\/p>\n","protected":false},"featured_media":33623,"comment_status":"open","ping_status":"closed","template":"","meta":[],"product_brand":[],"product_cat":[],"product_tag":[],"class_list":{"0":"post-33624","1":"product","2":"type-product","3":"status-publish","4":"has-post-thumbnail","7":"first","8":"instock","9":"sale","10":"taxable","11":"shipping-taxable","12":"purchasable","13":"product-type-simple"},"exclude_global_add_ons":false,"addons":[{"name":"Longueur du tableau","type":"multiple_choice","position":0,"required":true,"title_format":"label","default":"","description_enable":false,"description":null,"placeholder_enable":false,"placeholder":"","display":"select","restrictions_type":"any_text","adjust_price":false,"price":"","price_type":"flat_fee","restrictions":false,"min":"0","max":"0","options":[{"label":"80\/90cm x 160cm","price":"","price_type":"flat_fee","image":0},{"label":"80\/90cm x 180cm","price":"85","price_type":"flat_fee","image":0},{"label":"80\/90cm x 200cm","price":"170","price_type":"flat_fee","image":0},{"label":"80\/90cm x 220cm","price":"255","price_type":"flat_fee","image":0},{"label":"80\/90cm x 240cm","price":"340","price_type":"flat_fee","image":0},{"label":"80\/90cm x 260cm","price":"425","price_type":"flat_fee","image":0},{"label":"80\/90cm x 280cm","price":"510","price_type":"flat_fee","image":0},{"label":"80\/90cm x 300cm","price":"595","price_type":"flat_fee","image":0},{"label":"80\/90cm x 320cm","price":"765","price_type":"flat_fee","image":0},{"label":"80\/90cm x 340cm","price":"935","price_type":"flat_fee","image":0},{"label":"80\/90cm x 360cm","price":"1105","price_type":"flat_fee","image":0},{"label":"80\/90cm x 380cm","price":"1275","price_type":"flat_fee","image":0},{"label":"80\/90cm x 400cm","price":"1445","price_type":"flat_fee","image":0},{"label":"80\/90cm x 420cm","price":"1615","price_type":"flat_fee","image":0},{"label":"80\/90cm x 440cm","price":"1785","price_type":"flat_fee","image":0},{"label":"80\/90cm x 460cm","price":"1955","price_type":"flat_fee","image":0},{"label":"80\/90cm x 480cm","price":"2125","price_type":"flat_fee","image":0},{"label":"80\/90cm x 500cm","price":"2295","price_type":"flat_fee","image":0}],"id":1741274289}],"yoast_head":"<!-- This site is optimized with the Yoast SEO plugin v24.6 - https:\/\/yoast.com\/wordpress\/plugins\/seo\/ -->\n<title>Table de jardin avec 2 bancs - Brabawoods.be<\/title>\n<meta name=\"description\" content=\"Ajoutez un charme naturel \u00e0 votre jardin avec notre table de jardin en tronc d&#039;arbre avec 2 bancs. Robuste, durable et parfait pour l&#039;ext\u00e9rieur ! Commandez maintenant.\ud83c\udf3f\" \/>\n<meta name=\"robots\" content=\"index, follow, max-snippet:-1, max-image-preview:large, max-video-preview:-1\" \/>\n<link rel=\"canonical\" href=\"http:\/\/boomstamtafel.net\/fr\/produit\/table-de-jardin-avec-2-bancs\/\" \/>\n<meta property=\"og:locale\" content=\"fr_FR\" \/>\n<meta property=\"og:type\" content=\"article\" \/>\n<meta property=\"og:title\" content=\"Table de jardin avec 2 bancs - Brabawoods.be\" \/>\n<meta property=\"og:description\" content=\"Ajoutez un charme naturel \u00e0 votre jardin avec notre table de jardin en tronc d&#039;arbre avec 2 bancs. Robuste, durable et parfait pour l&#039;ext\u00e9rieur ! Commandez maintenant.\ud83c\udf3f\" \/>\n<meta property=\"og:url\" content=\"http:\/\/boomstamtafel.net\/fr\/produit\/table-de-jardin-avec-2-bancs\/\" \/>\n<meta property=\"og:site_name\" content=\"Brabawoods.be\" \/>\n<meta property=\"article:modified_time\" content=\"2025-03-25T00:41:47+00:00\" \/>\n<meta property=\"og:image\" content=\"http:\/\/boomstamtafel.net\/wp-content\/uploads\/2025\/03\/Untitled-design-12.png\" \/>\n\t<meta property=\"og:image:width\" content=\"1080\" \/>\n\t<meta property=\"og:image:height\" content=\"1350\" \/>\n\t<meta property=\"og:image:type\" content=\"image\/png\" \/>\n<meta name=\"twitter:card\" content=\"summary_large_image\" \/>\n<meta name=\"twitter:label1\" content=\"Dur\u00e9e de lecture estim\u00e9e\" \/>\n\t<meta name=\"twitter:data1\" content=\"2 minutes\" \/>\n<script type=\"application\/ld+json\" class=\"yoast-schema-graph\">{\"@context\":\"https:\/\/schema.org\",\"@graph\":[{\"@type\":\"WebPage\",\"@id\":\"http:\/\/boomstamtafel.net\/fr\/produit\/table-de-jardin-avec-2-bancs\/\",\"url\":\"http:\/\/boomstamtafel.net\/fr\/produit\/table-de-jardin-avec-2-bancs\/\",\"name\":\"Table de jardin avec 2 bancs - Brabawoods.be\",\"isPartOf\":{\"@id\":\"http:\/\/boomstamtafel.net\/fr\/#website\"},\"primaryImageOfPage\":{\"@id\":\"http:\/\/boomstamtafel.net\/fr\/produit\/table-de-jardin-avec-2-bancs\/#primaryimage\"},\"image\":{\"@id\":\"http:\/\/boomstamtafel.net\/fr\/produit\/table-de-jardin-avec-2-bancs\/#primaryimage\"},\"thumbnailUrl\":\"http:\/\/boomstamtafel.net\/wp-content\/uploads\/2025\/03\/Untitled-design-12.png\",\"datePublished\":\"2025-03-06T14:18:08+00:00\",\"dateModified\":\"2025-03-25T00:41:47+00:00\",\"description\":\"Ajoutez un charme naturel \u00e0 votre jardin avec notre table de jardin en tronc d'arbre avec 2 bancs. Robuste, durable et parfait pour l'ext\u00e9rieur ! Commandez maintenant.\ud83c\udf3f\",\"breadcrumb\":{\"@id\":\"http:\/\/boomstamtafel.net\/fr\/produit\/table-de-jardin-avec-2-bancs\/#breadcrumb\"},\"inLanguage\":\"fr-FR\",\"potentialAction\":[{\"@type\":\"ReadAction\",\"target\":[\"http:\/\/boomstamtafel.net\/fr\/produit\/table-de-jardin-avec-2-bancs\/\"]}]},{\"@type\":\"ImageObject\",\"inLanguage\":\"fr-FR\",\"@id\":\"http:\/\/boomstamtafel.net\/fr\/produit\/table-de-jardin-avec-2-bancs\/#primaryimage\",\"url\":\"http:\/\/boomstamtafel.net\/wp-content\/uploads\/2025\/03\/Untitled-design-12.png\",\"contentUrl\":\"http:\/\/boomstamtafel.net\/wp-content\/uploads\/2025\/03\/Untitled-design-12.png\",\"width\":1080,\"height\":1350},{\"@type\":\"BreadcrumbList\",\"@id\":\"http:\/\/boomstamtafel.net\/fr\/produit\/table-de-jardin-avec-2-bancs\/#breadcrumb\",\"itemListElement\":[{\"@type\":\"ListItem\",\"position\":1,\"name\":\"Home\",\"item\":\"https:\/\/boomstamtafel.net\/fr\/\"},{\"@type\":\"ListItem\",\"position\":2,\"name\":\"Boutique\",\"item\":\"https:\/\/boomstamtafel.net\/fr\/boutique\/\"},{\"@type\":\"ListItem\",\"position\":3,\"name\":\"Table de jardin avec 2 bancs\"}]},{\"@type\":\"WebSite\",\"@id\":\"http:\/\/boomstamtafel.net\/fr\/#website\",\"url\":\"http:\/\/boomstamtafel.net\/fr\/\",\"name\":\"Brabawoods.be\",\"description\":\"Brabawoods.be is gespecialiseerd in hoogwaardige boomstamtafels en maatwerk meubels van massief hout, vervaardigd uit duurzame Europese bomen. U kiest zelf uw unieke boomstamtafel of houten meubel, volledig afgestemd op uw wensen. Wij verzorgen professionele levering en montage aan huis. Laat u inspireren door authentiek vakmanschap, passie voor hout en jarenlange expertise.\",\"publisher\":{\"@id\":\"http:\/\/boomstamtafel.net\/fr\/#organization\"},\"potentialAction\":[{\"@type\":\"SearchAction\",\"target\":{\"@type\":\"EntryPoint\",\"urlTemplate\":\"http:\/\/boomstamtafel.net\/fr\/?s={search_term_string}\"},\"query-input\":{\"@type\":\"PropertyValueSpecification\",\"valueRequired\":true,\"valueName\":\"search_term_string\"}}],\"inLanguage\":\"fr-FR\"},{\"@type\":\"Organization\",\"@id\":\"http:\/\/boomstamtafel.net\/fr\/#organization\",\"name\":\"Brabawoods.be\",\"url\":\"http:\/\/boomstamtafel.net\/fr\/\",\"logo\":{\"@type\":\"ImageObject\",\"inLanguage\":\"fr-FR\",\"@id\":\"http:\/\/boomstamtafel.net\/fr\/#\/schema\/logo\/image\/\",\"url\":\"http:\/\/boomstamtafel.net\/wp-content\/uploads\/2025\/12\/cropped-Copy-of-BRABA-WOODS-1.png\",\"contentUrl\":\"http:\/\/boomstamtafel.net\/wp-content\/uploads\/2025\/12\/cropped-Copy-of-BRABA-WOODS-1.png\",\"width\":1561,\"height\":1170,\"caption\":\"Brabawoods.be\"},\"image\":{\"@id\":\"http:\/\/boomstamtafel.net\/fr\/#\/schema\/logo\/image\/\"}}]}<\/script>\n<!-- \/ Yoast SEO plugin. -->","yoast_head_json":{"title":"Table de jardin avec 2 bancs - Brabawoods.be","description":"Ajoutez un charme naturel \u00e0 votre jardin avec notre table de jardin en tronc d'arbre avec 2 bancs. Robuste, durable et parfait pour l'ext\u00e9rieur ! Commandez maintenant.\ud83c\udf3f","robots":{"index":"index","follow":"follow","max-snippet":"max-snippet:-1","max-image-preview":"max-image-preview:large","max-video-preview":"max-video-preview:-1"},"canonical":"http:\/\/boomstamtafel.net\/fr\/produit\/table-de-jardin-avec-2-bancs\/","og_locale":"fr_FR","og_type":"article","og_title":"Table de jardin avec 2 bancs - Brabawoods.be","og_description":"Ajoutez un charme naturel \u00e0 votre jardin avec notre table de jardin en tronc d'arbre avec 2 bancs. Robuste, durable et parfait pour l'ext\u00e9rieur ! Commandez maintenant.\ud83c\udf3f","og_url":"http:\/\/boomstamtafel.net\/fr\/produit\/table-de-jardin-avec-2-bancs\/","og_site_name":"Brabawoods.be","article_modified_time":"2025-03-25T00:41:47+00:00","og_image":[{"width":1080,"height":1350,"url":"http:\/\/boomstamtafel.net\/wp-content\/uploads\/2025\/03\/Untitled-design-12.png","type":"image\/png"}],"twitter_card":"summary_large_image","twitter_misc":{"Dur\u00e9e de lecture estim\u00e9e":"2 minutes"},"schema":{"@context":"https:\/\/schema.org","@graph":[{"@type":"WebPage","@id":"http:\/\/boomstamtafel.net\/fr\/produit\/table-de-jardin-avec-2-bancs\/","url":"http:\/\/boomstamtafel.net\/fr\/produit\/table-de-jardin-avec-2-bancs\/","name":"Table de jardin avec 2 bancs - Brabawoods.be","isPartOf":{"@id":"http:\/\/boomstamtafel.net\/fr\/#website"},"primaryImageOfPage":{"@id":"http:\/\/boomstamtafel.net\/fr\/produit\/table-de-jardin-avec-2-bancs\/#primaryimage"},"image":{"@id":"http:\/\/boomstamtafel.net\/fr\/produit\/table-de-jardin-avec-2-bancs\/#primaryimage"},"thumbnailUrl":"http:\/\/boomstamtafel.net\/wp-content\/uploads\/2025\/03\/Untitled-design-12.png","datePublished":"2025-03-06T14:18:08+00:00","dateModified":"2025-03-25T00:41:47+00:00","description":"Ajoutez un charme naturel \u00e0 votre jardin avec notre table de jardin en tronc d'arbre avec 2 bancs. Robuste, durable et parfait pour l'ext\u00e9rieur ! Commandez maintenant.\ud83c\udf3f","breadcrumb":{"@id":"http:\/\/boomstamtafel.net\/fr\/produit\/table-de-jardin-avec-2-bancs\/#breadcrumb"},"inLanguage":"fr-FR","potentialAction":[{"@type":"ReadAction","target":["http:\/\/boomstamtafel.net\/fr\/produit\/table-de-jardin-avec-2-bancs\/"]}]},{"@type":"ImageObject","inLanguage":"fr-FR","@id":"http:\/\/boomstamtafel.net\/fr\/produit\/table-de-jardin-avec-2-bancs\/#primaryimage","url":"http:\/\/boomstamtafel.net\/wp-content\/uploads\/2025\/03\/Untitled-design-12.png","contentUrl":"http:\/\/boomstamtafel.net\/wp-content\/uploads\/2025\/03\/Untitled-design-12.png","width":1080,"height":1350},{"@type":"BreadcrumbList","@id":"http:\/\/boomstamtafel.net\/fr\/produit\/table-de-jardin-avec-2-bancs\/#breadcrumb","itemListElement":[{"@type":"ListItem","position":1,"name":"Home","item":"https:\/\/boomstamtafel.net\/fr\/"},{"@type":"ListItem","position":2,"name":"Boutique","item":"https:\/\/boomstamtafel.net\/fr\/boutique\/"},{"@type":"ListItem","position":3,"name":"Table de jardin avec 2 bancs"}]},{"@type":"WebSite","@id":"http:\/\/boomstamtafel.net\/fr\/#website","url":"http:\/\/boomstamtafel.net\/fr\/","name":"Brabawoods.be","description":"Brabawoods.be is gespecialiseerd in hoogwaardige boomstamtafels en maatwerk meubels van massief hout, vervaardigd uit duurzame Europese bomen. U kiest zelf uw unieke boomstamtafel of houten meubel, volledig afgestemd op uw wensen. Wij verzorgen professionele levering en montage aan huis. Laat u inspireren door authentiek vakmanschap, passie voor hout en jarenlange expertise.","publisher":{"@id":"http:\/\/boomstamtafel.net\/fr\/#organization"},"potentialAction":[{"@type":"SearchAction","target":{"@type":"EntryPoint","urlTemplate":"http:\/\/boomstamtafel.net\/fr\/?s={search_term_string}"},"query-input":{"@type":"PropertyValueSpecification","valueRequired":true,"valueName":"search_term_string"}}],"inLanguage":"fr-FR"},{"@type":"Organization","@id":"http:\/\/boomstamtafel.net\/fr\/#organization","name":"Brabawoods.be","url":"http:\/\/boomstamtafel.net\/fr\/","logo":{"@type":"ImageObject","inLanguage":"fr-FR","@id":"http:\/\/boomstamtafel.net\/fr\/#\/schema\/logo\/image\/","url":"http:\/\/boomstamtafel.net\/wp-content\/uploads\/2025\/12\/cropped-Copy-of-BRABA-WOODS-1.png","contentUrl":"http:\/\/boomstamtafel.net\/wp-content\/uploads\/2025\/12\/cropped-Copy-of-BRABA-WOODS-1.png","width":1561,"height":1170,"caption":"Brabawoods.be"},"image":{"@id":"http:\/\/boomstamtafel.net\/fr\/#\/schema\/logo\/image\/"}}]}},"_links":{"self":[{"href":"http:\/\/boomstamtafel.net\/fr\/wp-json\/wp\/v2\/product\/33624","targetHints":{"allow":["GET"]}}],"collection":[{"href":"http:\/\/boomstamtafel.net\/fr\/wp-json\/wp\/v2\/product"}],"about":[{"href":"http:\/\/boomstamtafel.net\/fr\/wp-json\/wp\/v2\/types\/product"}],"replies":[{"embeddable":true,"href":"http:\/\/boomstamtafel.net\/fr\/wp-json\/wp\/v2\/comments?post=33624"}],"wp:featuredmedia":[{"embeddable":true,"href":"http:\/\/boomstamtafel.net\/fr\/wp-json\/wp\/v2\/media\/33623"}],"wp:attachment":[{"href":"http:\/\/boomstamtafel.net\/fr\/wp-json\/wp\/v2\/media?parent=33624"}],"wp:term":[{"taxonomy":"product_brand","embeddable":true,"href":"http:\/\/boomstamtafel.net\/fr\/wp-json\/wp\/v2\/product_brand?post=33624"},{"taxonomy":"product_cat","embeddable":true,"href":"http:\/\/boomstamtafel.net\/fr\/wp-json\/wp\/v2\/product_cat?post=33624"},{"taxonomy":"product_tag","embeddable":true,"href":"http:\/\/boomstamtafel.net\/fr\/wp-json\/wp\/v2\/product_tag?post=33624"}],"curies":[{"name":"wp","href":"https:\/\/api.w.org\/{rel}","templated":true}]}}