{"id":32992,"date":"2024-10-15T15:54:14","date_gmt":"2024-10-15T13:54:14","guid":{"rendered":"https:\/\/boomstamtafel.net\/product\/table-en-chene-massif-forme-galet\/"},"modified":"2024-10-15T15:54:14","modified_gmt":"2024-10-15T13:54:14","slug":"table-en-chene-massif-forme-galet","status":"publish","type":"product","link":"http:\/\/boomstamtafel.net\/fr\/produit\/table-en-chene-massif-forme-galet\/","title":{"rendered":"Table en ch\u00eane massif &#8211; Forme galet"},"content":{"rendered":"<p>D\u00e9couvrez la polyvalence de notre<strong>table<\/strong> <strong>en ch\u00eane massif<\/strong> avec une <strong>forme de galet<\/strong> et une \u00e9paisseur impressionnante de 5 cm. Parfaite pour toute salle \u00e0 manger ou espace de travail, cette table offre une combinaison d&rsquo;\u00e9l\u00e9gance intemporelle et de durabilit\u00e9.   <strong>Personnalisez votre table en choisissant la longueur, la base, le bord et la finition souhait\u00e9s. Configurez tout simplement en ligne et commandez d\u00e8s aujourd&rsquo;hui <\/strong>  pour ajouter une pi\u00e8ce unique et \u00e9l\u00e9gante \u00e0 votre int\u00e9rieur.<\/p>\n","protected":false},"excerpt":{"rendered":"<p>D\u00e9couvrez la polyvalence de notretable en ch\u00eane massif avec une forme de galet et une \u00e9paisseur impressionnante de 5 cm. Parfaite pour toute salle \u00e0 manger ou espace de travail, cette table offre une combinaison d&rsquo;\u00e9l\u00e9gance intemporelle et de durabilit\u00e9. Personnalisez votre table en choisissant la longueur, la base, le bord et la finition souhait\u00e9s. [&hellip;]<\/p>\n","protected":false},"featured_media":31855,"comment_status":"open","ping_status":"closed","template":"","meta":[],"product_brand":[],"product_cat":[54,52],"product_tag":[],"class_list":{"0":"post-32992","1":"product","2":"type-product","3":"status-publish","4":"has-post-thumbnail","6":"product_cat-comme-un-galet-rond","7":"product_cat-tables-en-chene","9":"first","10":"instock","11":"taxable","12":"shipping-taxable","13":"purchasable","14":"product-type-simple"},"exclude_global_add_ons":false,"addons":[{"name":"Tableau Longueur\/Diam\u00e8tre","type":"multiple_choice","position":0,"required":true,"title_format":"label","default":"","description_enable":false,"description":"","placeholder_enable":false,"placeholder":"","display":"select","restrictions_type":"any_text","adjust_price":false,"price":"","price_type":"flat_fee","restrictions":false,"min":"0","max":"0","options":[{"label":"L 160cm","price":"","price_type":"quantity_based","image":0},{"label":"L 180cm","price":"100","price_type":"quantity_based","image":0},{"label":"L 200cm","price":"300","price_type":"quantity_based","image":0},{"label":"L 220cm","price":"600","price_type":"quantity_based","image":0}],"id":1729877921},{"name":"Finition\/couleur","type":"multiple_choice","position":1,"required":true,"title_format":"label","default":"0","description_enable":false,"description":"","placeholder_enable":false,"placeholder":"","display":"images","restrictions_type":"any_text","adjust_price":false,"price":"","price_type":"flat_fee","restrictions":false,"min":"0","max":"0","options":[{"label":"Naturel","price":"","price_type":"quantity_based","image":31810},{"label":"Lait de chaux","price":"","price_type":"quantity_based","image":31811},{"label":"Eaux grises","price":"","price_type":"quantity_based","image":31809}],"id":1729877922},{"name":"Bord","type":"multiple_choice","position":2,"required":true,"title_format":"label","default":"","description_enable":false,"description":"","placeholder_enable":false,"placeholder":"","display":"radiobutton","restrictions_type":"any_text","adjust_price":false,"price":"","price_type":"flat_fee","restrictions":false,"min":"0","max":"0","options":[{"label":"Bord plat","price":"","price_type":"quantity_based","image":0},{"label":"Bord fin","price":"","price_type":"quantity_based","image":0}],"id":1729877923},{"name":"Pied","type":"multiple_choice","position":3,"required":false,"title_format":"label","default":"","description_enable":false,"description":"","placeholder_enable":false,"placeholder":"","display":"images","restrictions_type":"any_text","adjust_price":false,"price":"","price_type":"flat_fee","restrictions":false,"min":"0","max":"0","options":[{"label":"Pied de matrice","price":"195","price_type":"quantity_based","image":31760}],"id":1729877924}],"yoast_head":"<!-- This site is optimized with the Yoast SEO plugin v24.6 - https:\/\/yoast.com\/wordpress\/plugins\/seo\/ -->\n<title>Table en ch\u00eane massif - Forme galet - Brabawoods.be<\/title>\n<meta name=\"description\" content=\"Brabawoods.be Personnalisez votre table en choisissant la longueur, la base, le bord et la finition souhait\u00e9s. Configurez tout en ligne et commandez d\u00e8s aujourd&#039;hui.\" \/>\n<meta name=\"robots\" content=\"index, follow, max-snippet:-1, max-image-preview:large, max-video-preview:-1\" \/>\n<link rel=\"canonical\" href=\"http:\/\/boomstamtafel.net\/fr\/produit\/table-en-chene-massif-forme-galet\/\" \/>\n<meta property=\"og:locale\" content=\"fr_FR\" \/>\n<meta property=\"og:type\" content=\"article\" \/>\n<meta property=\"og:title\" content=\"Table en ch\u00eane massif - Forme galet - Brabawoods.be\" \/>\n<meta property=\"og:description\" content=\"Brabawoods.be Personnalisez votre table en choisissant la longueur, la base, le bord et la finition souhait\u00e9s. Configurez tout en ligne et commandez d\u00e8s aujourd&#039;hui.\" \/>\n<meta property=\"og:url\" content=\"http:\/\/boomstamtafel.net\/fr\/produit\/table-en-chene-massif-forme-galet\/\" \/>\n<meta property=\"og:site_name\" content=\"Brabawoods.be\" \/>\n<meta property=\"og:image\" content=\"https:\/\/boomstamtafel.net\/wp-content\/uploads\/2024\/10\/Kiezel-main-image.png\" \/>\n\t<meta property=\"og:image:width\" content=\"4032\" \/>\n\t<meta property=\"og:image:height\" content=\"3024\" \/>\n\t<meta property=\"og:image:type\" content=\"image\/png\" \/>\n<meta name=\"twitter:card\" content=\"summary_large_image\" \/>\n<script type=\"application\/ld+json\" class=\"yoast-schema-graph\">{\"@context\":\"https:\/\/schema.org\",\"@graph\":[{\"@type\":\"WebPage\",\"@id\":\"http:\/\/boomstamtafel.net\/fr\/produit\/table-en-chene-massif-forme-galet\/\",\"url\":\"http:\/\/boomstamtafel.net\/fr\/produit\/table-en-chene-massif-forme-galet\/\",\"name\":\"Table en ch\u00eane massif - Forme galet - Brabawoods.be\",\"isPartOf\":{\"@id\":\"http:\/\/boomstamtafel.net\/fr\/#website\"},\"primaryImageOfPage\":{\"@id\":\"http:\/\/boomstamtafel.net\/fr\/produit\/table-en-chene-massif-forme-galet\/#primaryimage\"},\"image\":{\"@id\":\"http:\/\/boomstamtafel.net\/fr\/produit\/table-en-chene-massif-forme-galet\/#primaryimage\"},\"thumbnailUrl\":\"http:\/\/boomstamtafel.net\/wp-content\/uploads\/2024\/10\/Kiezel-main-image.png\",\"datePublished\":\"2024-10-15T13:54:14+00:00\",\"description\":\"Brabawoods.be Personnalisez votre table en choisissant la longueur, la base, le bord et la finition souhait\u00e9s. Configurez tout en ligne et commandez d\u00e8s aujourd'hui.\",\"breadcrumb\":{\"@id\":\"http:\/\/boomstamtafel.net\/fr\/produit\/table-en-chene-massif-forme-galet\/#breadcrumb\"},\"inLanguage\":\"fr-FR\",\"potentialAction\":[{\"@type\":\"ReadAction\",\"target\":[\"http:\/\/boomstamtafel.net\/fr\/produit\/table-en-chene-massif-forme-galet\/\"]}]},{\"@type\":\"ImageObject\",\"inLanguage\":\"fr-FR\",\"@id\":\"http:\/\/boomstamtafel.net\/fr\/produit\/table-en-chene-massif-forme-galet\/#primaryimage\",\"url\":\"http:\/\/boomstamtafel.net\/wp-content\/uploads\/2024\/10\/Kiezel-main-image.png\",\"contentUrl\":\"http:\/\/boomstamtafel.net\/wp-content\/uploads\/2024\/10\/Kiezel-main-image.png\",\"width\":4032,\"height\":3024},{\"@type\":\"BreadcrumbList\",\"@id\":\"http:\/\/boomstamtafel.net\/fr\/produit\/table-en-chene-massif-forme-galet\/#breadcrumb\",\"itemListElement\":[{\"@type\":\"ListItem\",\"position\":1,\"name\":\"Home\",\"item\":\"https:\/\/boomstamtafel.net\/fr\/\"},{\"@type\":\"ListItem\",\"position\":2,\"name\":\"Boutique\",\"item\":\"https:\/\/boomstamtafel.net\/fr\/boutique\/\"},{\"@type\":\"ListItem\",\"position\":3,\"name\":\"Table en ch\u00eane massif &#8211; Forme galet\"}]},{\"@type\":\"WebSite\",\"@id\":\"http:\/\/boomstamtafel.net\/fr\/#website\",\"url\":\"http:\/\/boomstamtafel.net\/fr\/\",\"name\":\"Brabawoods.be\",\"description\":\"Brabawoods.be is gespecialiseerd in hoogwaardige boomstamtafels en maatwerk meubels van massief hout, vervaardigd uit duurzame Europese bomen. U kiest zelf uw unieke boomstamtafel of houten meubel, volledig afgestemd op uw wensen. Wij verzorgen professionele levering en montage aan huis. Laat u inspireren door authentiek vakmanschap, passie voor hout en jarenlange expertise.\",\"publisher\":{\"@id\":\"http:\/\/boomstamtafel.net\/fr\/#organization\"},\"potentialAction\":[{\"@type\":\"SearchAction\",\"target\":{\"@type\":\"EntryPoint\",\"urlTemplate\":\"http:\/\/boomstamtafel.net\/fr\/?s={search_term_string}\"},\"query-input\":{\"@type\":\"PropertyValueSpecification\",\"valueRequired\":true,\"valueName\":\"search_term_string\"}}],\"inLanguage\":\"fr-FR\"},{\"@type\":\"Organization\",\"@id\":\"http:\/\/boomstamtafel.net\/fr\/#organization\",\"name\":\"Brabawoods.be\",\"url\":\"http:\/\/boomstamtafel.net\/fr\/\",\"logo\":{\"@type\":\"ImageObject\",\"inLanguage\":\"fr-FR\",\"@id\":\"http:\/\/boomstamtafel.net\/fr\/#\/schema\/logo\/image\/\",\"url\":\"http:\/\/boomstamtafel.net\/wp-content\/uploads\/2025\/12\/cropped-Copy-of-BRABA-WOODS-1.png\",\"contentUrl\":\"http:\/\/boomstamtafel.net\/wp-content\/uploads\/2025\/12\/cropped-Copy-of-BRABA-WOODS-1.png\",\"width\":1561,\"height\":1170,\"caption\":\"Brabawoods.be\"},\"image\":{\"@id\":\"http:\/\/boomstamtafel.net\/fr\/#\/schema\/logo\/image\/\"}}]}<\/script>\n<!-- \/ Yoast SEO plugin. -->","yoast_head_json":{"title":"Table en ch\u00eane massif - Forme galet - Brabawoods.be","description":"Brabawoods.be Personnalisez votre table en choisissant la longueur, la base, le bord et la finition souhait\u00e9s. Configurez tout en ligne et commandez d\u00e8s aujourd'hui.","robots":{"index":"index","follow":"follow","max-snippet":"max-snippet:-1","max-image-preview":"max-image-preview:large","max-video-preview":"max-video-preview:-1"},"canonical":"http:\/\/boomstamtafel.net\/fr\/produit\/table-en-chene-massif-forme-galet\/","og_locale":"fr_FR","og_type":"article","og_title":"Table en ch\u00eane massif - Forme galet - Brabawoods.be","og_description":"Brabawoods.be Personnalisez votre table en choisissant la longueur, la base, le bord et la finition souhait\u00e9s. Configurez tout en ligne et commandez d\u00e8s aujourd'hui.","og_url":"http:\/\/boomstamtafel.net\/fr\/produit\/table-en-chene-massif-forme-galet\/","og_site_name":"Brabawoods.be","og_image":[{"width":4032,"height":3024,"url":"https:\/\/boomstamtafel.net\/wp-content\/uploads\/2024\/10\/Kiezel-main-image.png","type":"image\/png"}],"twitter_card":"summary_large_image","schema":{"@context":"https:\/\/schema.org","@graph":[{"@type":"WebPage","@id":"http:\/\/boomstamtafel.net\/fr\/produit\/table-en-chene-massif-forme-galet\/","url":"http:\/\/boomstamtafel.net\/fr\/produit\/table-en-chene-massif-forme-galet\/","name":"Table en ch\u00eane massif - Forme galet - Brabawoods.be","isPartOf":{"@id":"http:\/\/boomstamtafel.net\/fr\/#website"},"primaryImageOfPage":{"@id":"http:\/\/boomstamtafel.net\/fr\/produit\/table-en-chene-massif-forme-galet\/#primaryimage"},"image":{"@id":"http:\/\/boomstamtafel.net\/fr\/produit\/table-en-chene-massif-forme-galet\/#primaryimage"},"thumbnailUrl":"http:\/\/boomstamtafel.net\/wp-content\/uploads\/2024\/10\/Kiezel-main-image.png","datePublished":"2024-10-15T13:54:14+00:00","description":"Brabawoods.be Personnalisez votre table en choisissant la longueur, la base, le bord et la finition souhait\u00e9s. Configurez tout en ligne et commandez d\u00e8s aujourd'hui.","breadcrumb":{"@id":"http:\/\/boomstamtafel.net\/fr\/produit\/table-en-chene-massif-forme-galet\/#breadcrumb"},"inLanguage":"fr-FR","potentialAction":[{"@type":"ReadAction","target":["http:\/\/boomstamtafel.net\/fr\/produit\/table-en-chene-massif-forme-galet\/"]}]},{"@type":"ImageObject","inLanguage":"fr-FR","@id":"http:\/\/boomstamtafel.net\/fr\/produit\/table-en-chene-massif-forme-galet\/#primaryimage","url":"http:\/\/boomstamtafel.net\/wp-content\/uploads\/2024\/10\/Kiezel-main-image.png","contentUrl":"http:\/\/boomstamtafel.net\/wp-content\/uploads\/2024\/10\/Kiezel-main-image.png","width":4032,"height":3024},{"@type":"BreadcrumbList","@id":"http:\/\/boomstamtafel.net\/fr\/produit\/table-en-chene-massif-forme-galet\/#breadcrumb","itemListElement":[{"@type":"ListItem","position":1,"name":"Home","item":"https:\/\/boomstamtafel.net\/fr\/"},{"@type":"ListItem","position":2,"name":"Boutique","item":"https:\/\/boomstamtafel.net\/fr\/boutique\/"},{"@type":"ListItem","position":3,"name":"Table en ch\u00eane massif &#8211; Forme galet"}]},{"@type":"WebSite","@id":"http:\/\/boomstamtafel.net\/fr\/#website","url":"http:\/\/boomstamtafel.net\/fr\/","name":"Brabawoods.be","description":"Brabawoods.be is gespecialiseerd in hoogwaardige boomstamtafels en maatwerk meubels van massief hout, vervaardigd uit duurzame Europese bomen. U kiest zelf uw unieke boomstamtafel of houten meubel, volledig afgestemd op uw wensen. Wij verzorgen professionele levering en montage aan huis. Laat u inspireren door authentiek vakmanschap, passie voor hout en jarenlange expertise.","publisher":{"@id":"http:\/\/boomstamtafel.net\/fr\/#organization"},"potentialAction":[{"@type":"SearchAction","target":{"@type":"EntryPoint","urlTemplate":"http:\/\/boomstamtafel.net\/fr\/?s={search_term_string}"},"query-input":{"@type":"PropertyValueSpecification","valueRequired":true,"valueName":"search_term_string"}}],"inLanguage":"fr-FR"},{"@type":"Organization","@id":"http:\/\/boomstamtafel.net\/fr\/#organization","name":"Brabawoods.be","url":"http:\/\/boomstamtafel.net\/fr\/","logo":{"@type":"ImageObject","inLanguage":"fr-FR","@id":"http:\/\/boomstamtafel.net\/fr\/#\/schema\/logo\/image\/","url":"http:\/\/boomstamtafel.net\/wp-content\/uploads\/2025\/12\/cropped-Copy-of-BRABA-WOODS-1.png","contentUrl":"http:\/\/boomstamtafel.net\/wp-content\/uploads\/2025\/12\/cropped-Copy-of-BRABA-WOODS-1.png","width":1561,"height":1170,"caption":"Brabawoods.be"},"image":{"@id":"http:\/\/boomstamtafel.net\/fr\/#\/schema\/logo\/image\/"}}]}},"_links":{"self":[{"href":"http:\/\/boomstamtafel.net\/fr\/wp-json\/wp\/v2\/product\/32992","targetHints":{"allow":["GET"]}}],"collection":[{"href":"http:\/\/boomstamtafel.net\/fr\/wp-json\/wp\/v2\/product"}],"about":[{"href":"http:\/\/boomstamtafel.net\/fr\/wp-json\/wp\/v2\/types\/product"}],"replies":[{"embeddable":true,"href":"http:\/\/boomstamtafel.net\/fr\/wp-json\/wp\/v2\/comments?post=32992"}],"wp:featuredmedia":[{"embeddable":true,"href":"http:\/\/boomstamtafel.net\/fr\/wp-json\/wp\/v2\/media\/31855"}],"wp:attachment":[{"href":"http:\/\/boomstamtafel.net\/fr\/wp-json\/wp\/v2\/media?parent=32992"}],"wp:term":[{"taxonomy":"product_brand","embeddable":true,"href":"http:\/\/boomstamtafel.net\/fr\/wp-json\/wp\/v2\/product_brand?post=32992"},{"taxonomy":"product_cat","embeddable":true,"href":"http:\/\/boomstamtafel.net\/fr\/wp-json\/wp\/v2\/product_cat?post=32992"},{"taxonomy":"product_tag","embeddable":true,"href":"http:\/\/boomstamtafel.net\/fr\/wp-json\/wp\/v2\/product_tag?post=32992"}],"curies":[{"name":"wp","href":"https:\/\/api.w.org\/{rel}","templated":true}]}}